{"id":61,"date":"2013-08-12T11:24:09","date_gmt":"2013-08-12T09:24:09","guid":{"rendered":"http:\/\/lesnydworek-agroturystyka.pl\/?page_id=61"},"modified":"2026-02-06T14:03:43","modified_gmt":"2026-02-06T13:03:43","slug":"home","status":"publish","type":"page","link":"https:\/\/lesnydworek-agroturystyka.pl\/","title":{"rendered":""},"content":{"rendered":"\n<p><\/p>\n\n\n\n<p><\/p>\n\n\n<!-- wp:themify-builder\/canvas \/-->","protected":false},"excerpt":{"rendered":"","protected":false},"author":1,"featured_media":0,"parent":0,"menu_order":1,"comment_status":"closed","ping_status":"closed","template":"","meta":{"footnotes":""},"class_list":["post-61","page","type-page","status-publish","hentry","has-post-title","has-post-date","has-post-category","has-post-tag","has-post-comment","has-post-author",""],"builder_content":"<img src=\"https:\/\/lesnydworek-agroturystyka.pl\/wp-content\/uploads\/2023\/06\/logo-lesny-1024x1024-450x450.png\" width=\"450\" height=\"450\" title=\"logo lesny\" alt=\"logo lesny\" srcset=\"https:\/\/lesnydworek-agroturystyka.pl\/wp-content\/uploads\/2023\/06\/logo-lesny-1024x1024-450x450.png 450w, https:\/\/lesnydworek-agroturystyka.pl\/wp-content\/uploads\/2023\/06\/logo-lesny-300x300.png 300w, https:\/\/lesnydworek-agroturystyka.pl\/wp-content\/uploads\/2023\/06\/logo-lesny-1024x1024.png 1024w, https:\/\/lesnydworek-agroturystyka.pl\/wp-content\/uploads\/2023\/06\/logo-lesny-150x150.png 150w, https:\/\/lesnydworek-agroturystyka.pl\/wp-content\/uploads\/2023\/06\/logo-lesny-768x768.png 768w, https:\/\/lesnydworek-agroturystyka.pl\/wp-content\/uploads\/2023\/06\/logo-lesny.png 1049w, https:\/\/lesnydworek-agroturystyka.pl\/wp-content\/uploads\/2023\/06\/logo-lesny-1024x1024-230x230.png 230w\" sizes=\"(max-width: 450px) 100vw, 450px\" \/>\n<p align=\"CENTER\"><br>Le\u015bny Dworek to pi\u0119kny zak\u0105tek usytuowany na obrze\u017cach Dar\u0142owa przy \u015bcianie Lasu Dar\u0142owskiego, <br>6 km od morza i 8 km od uzdrowiska D\u0105bki.<\/p> <p align=\"CENTER\">Malownicza okolica, cisza, spok\u00f3j, \u015bwie\u017ce powietrze, szczeg\u00f3lny nadmorski mikroklimat oraz walory przyrodnicze takie jak: <br>las, morze, kwieciste \u0142\u0105ki, konie stwarzaj\u0105 warunki zdrowotne dla odpoczywaj\u0105cych wczasowicz\u00f3w. <br><br>Od lat nasz\u0105 pasj\u0105 s\u0105 konie. <br>Chc\u0105c podzieli\u0107 si\u0119 ni\u0105 i zarazi\u0107 ni\u0105 innych, oferujemy Pa\u0144stwu czynny wypoczynek.<\/p>\n<p align=\"CENTER\"><br>Posiad\u0142o\u015b\u0107 nasza to wymarzone miejsce dla ludzi lubi\u0105cych aktywny wypoczynek na \u0142onie natury <br>(boiska do gry, plac zabaw dla dzieci, basen, oczko wodne, dwie altanki z widokiem na las i stawy, <br>miejsce na grilla oraz ognisko).<\/p> <p align=\"CENTER\">Proponujemy Pa\u0144stwu wypoczynek w<br>komfortowo urz\u0105dzonym domku typu dworek, w kt\u00f3rym znajduj\u0105 si\u0119: <br><br>na parterze : <br>3 pokoje- 3 osobowe z \u0142azienkami,\u00a0<br><br>na poddaszu:<br>2 pokoje-2 osobowe <br><br>TV, internet, salon z kominkiem, w pe\u0142ni wyposa\u017cony aneks kuchenny z jadalni\u0105 <br>oraz 3 Drewniane Domki Letniskowe.<\/p>\n<img src=\"https:\/\/lesnydworek-agroturystyka.pl\/wp-content\/uploads\/2023\/06\/logo-lesny-1024x1024-450x456.png\" width=\"450\" height=\"456\" title=\"logo lesny\" alt=\"logo lesny\">\n<p align=\"CENTER\"><br>Le\u015bny Dworek to pi\u0119kny zak\u0105tek usytuowany na obrze\u017cach Dar\u0142owa przy \u015bcianie Lasu Dar\u0142owskiego, <br>6 km od morza i 8 km od uzdrowiska D\u0105bki.<\/p> <p align=\"CENTER\">Malownicza okolica, cisza, spok\u00f3j, \u015bwie\u017ce powietrze, szczeg\u00f3lny nadmorski mikroklimat oraz walory przyrodnicze takie jak: <br>las, morze, kwieciste \u0142\u0105ki, konie stwarzaj\u0105 warunki zdrowotne dla odpoczywaj\u0105cych wczasowicz\u00f3w. <br><br>Od lat nasz\u0105 pasj\u0105 s\u0105 konie. <br>Chc\u0105c podzieli\u0107 si\u0119 ni\u0105 i zarazi\u0107 ni\u0105 innych, oferujemy Pa\u0144stwu czynny wypoczynek.<\/p>\n<p align=\"CENTER\"><br>Posiad\u0142o\u015b\u0107 nasza to wymarzone miejsce dla ludzi lubi\u0105cych aktywny wypoczynek na \u0142onie natury <br>(boiska do gry, plac zabaw dla dzieci, basen, oczko wodne, dwie altanki z widokiem na las i stawy, <br>miejsce na grilla oraz ognisko).<\/p> <p align=\"CENTER\">Proponujemy Pa\u0144stwu wypoczynek w<br>komfortowo urz\u0105dzonym domku typu dworek, w kt\u00f3rym znajduj\u0105 si\u0119: <br><br>na parterze : <br>3 pokoje- 3 osobowe z \u0142azienkami,\u00a0<br><br>na poddaszu:<br>2 pokoje-2 osobowe <br><br>TV, internet, salon z kominkiem, w pe\u0142ni wyposa\u017cony aneks kuchenny z jadalni\u0105 <br>oraz 3 Drewniane Domki Letniskowe.<\/p>\n<img src=\"https:\/\/lesnydworek-agroturystyka.pl\/wp-content\/uploads\/2023\/06\/DSC06209-HDR-1024x684-600x400.jpg\" width=\"600\" height=\"400\" title=\"DSC06209-HDR\" alt=\"DSC06209-HDR\" srcset=\"https:\/\/lesnydworek-agroturystyka.pl\/wp-content\/uploads\/2023\/06\/DSC06209-HDR-1024x684-600x400.jpg 600w, https:\/\/lesnydworek-agroturystyka.pl\/wp-content\/uploads\/2023\/06\/DSC06209-HDR-1024x684-300x200.jpg 300w, https:\/\/lesnydworek-agroturystyka.pl\/wp-content\/uploads\/2023\/06\/DSC06209-HDR-1024x684.jpg 1024w, https:\/\/lesnydworek-agroturystyka.pl\/wp-content\/uploads\/2023\/06\/DSC06209-HDR-768x513.jpg 768w, https:\/\/lesnydworek-agroturystyka.pl\/wp-content\/uploads\/2023\/06\/DSC06209-HDR.jpg 1200w\" sizes=\"(max-width: 600px) 100vw, 600px\" \/>\n<h2 style=\"text-align: center;\">DOMKI<\/h2> <p style=\"text-align: center;\"><br>Zapraszamy na wypoczynek do naszych przepi\u0119knych drewnianych domk\u00f3w po\u0142o\u017conych w zacisznym miejscu z widokiem na stawy. W pobli\u017cu znajduje si\u0119 las, a dla najm\u0142odszych go\u015bci przygotowali\u015bmy plac zabaw. Nie zapomnieli\u015bmy r\u00f3wnie\u017c o doros\u0142ych, kt\u00f3rzy mog\u0105 korzysta\u0107 z sauny oraz domku do grilowania. Bezp\u0142atny parking oraz dost\u0119p do WiFi to dodatkowe udogodnienia dla naszych go\u015bci.<\/p>\n<h2 style=\"text-align: center;\">POKOJE<\/h2> <p style=\"text-align: center;\">W\u00a0 Le\u015bnym Dworku\u00a0 oferujemy wynajem pokoi. Go\u015bcie mog\u0105 skorzysta\u0107 z wygodnych i komfortowych pokoi, wyposa\u017conych w wygodne \u0142\u00f3\u017cka, szafki nocne oraz \u0142azienk\u0119. W pokojach zapewniony jest dost\u0119p do bezp\u0142atnego WiFi. Ka\u017cdy pok\u00f3j posiada oddzieln\u0105 \u0142azienk\u0119 z prysznicem.<\/p> <p style=\"text-align: center;\">Opr\u00f3cz wynajmu pokoi, Le\u015bny Dworek oferuje r\u00f3wnie\u017c inne udogodnienia, takie jak np. sauna, staw, plac zabaw dla dzieci, miejsca do grillowania czy boisko do gry w r\u00f3\u017cne gry zespo\u0142owe. Jest to wi\u0119c idealne miejsce zar\u00f3wno do wypoczynku, jak i aktywnego sp\u0119dzenia czasu.<\/p>\n<img src=\"https:\/\/lesnydworek-agroturystyka.pl\/wp-content\/uploads\/2023\/06\/11111x-1024x682-600x399.jpg\" width=\"600\" height=\"399\" title=\"11111x\" alt=\"11111x\" srcset=\"https:\/\/lesnydworek-agroturystyka.pl\/wp-content\/uploads\/2023\/06\/11111x-1024x682-600x399.jpg 600w, https:\/\/lesnydworek-agroturystyka.pl\/wp-content\/uploads\/2023\/06\/11111x-1024x682-300x200.jpg 300w, https:\/\/lesnydworek-agroturystyka.pl\/wp-content\/uploads\/2023\/06\/11111x-1024x682.jpg 1024w, https:\/\/lesnydworek-agroturystyka.pl\/wp-content\/uploads\/2023\/06\/11111x-768x512.jpg 768w, https:\/\/lesnydworek-agroturystyka.pl\/wp-content\/uploads\/2023\/06\/11111x-1536x1023.jpg 1536w, https:\/\/lesnydworek-agroturystyka.pl\/wp-content\/uploads\/2023\/06\/11111x-2048x1364.jpg 2048w\" sizes=\"(max-width: 600px) 100vw, 600px\" \/>\n<img src=\"https:\/\/lesnydworek-agroturystyka.pl\/wp-content\/uploads\/2013\/08\/DSC0581-1024x678-600x397.jpg\" width=\"600\" height=\"397\" title=\"_DSC0581\" alt=\"_DSC0581\" srcset=\"https:\/\/lesnydworek-agroturystyka.pl\/wp-content\/uploads\/2013\/08\/DSC0581-1024x678-600x397.jpg 600w, https:\/\/lesnydworek-agroturystyka.pl\/wp-content\/uploads\/2013\/08\/DSC0581-300x198.jpg 300w, https:\/\/lesnydworek-agroturystyka.pl\/wp-content\/uploads\/2013\/08\/DSC0581-1024x678.jpg 1024w, https:\/\/lesnydworek-agroturystyka.pl\/wp-content\/uploads\/2013\/08\/DSC0581.jpg 1479w\" sizes=\"(max-width: 600px) 100vw, 600px\" \/>\n<h2 style=\"text-align: center;\">OGR\u00d3D<\/h2> <p style=\"text-align: center;\">Le\u015bny Dworek w Domas\u0142awicach to miejsce, kt\u00f3re oferuje wspania\u0142e mo\u017cliwo\u015bci wypoczynku przez ca\u0142y rok.<\/p> <p style=\"text-align: center;\">Opr\u00f3cz wynajmu pokoi, Le\u015bny Dworek oferuje r\u00f3wnie\u017c inne udogodnienia, takie jak np. sauna(p\u0142atna dodatkowo), staw, plac zabaw dla dzieci, miejsca do grillowania czy boisko do gry w r\u00f3\u017cne gry zespo\u0142owe. Jest to wi\u0119c idealne miejsce zar\u00f3wno do wypoczynku, jak i aktywnego sp\u0119dzenia czasu.<\/p>\n<p style=\"text-align: center;\"><iframe title=\"YouTube video player\" src=\"https:\/\/www.youtube.com\/embed\/iDNaM0B6T9Q\" width=\"1000\" height=\"600\" frameborder=\"0\" allowfullscreen=\"allowfullscreen\"><\/iframe><\/p>\n<p align=\"CENTER\">Domki letniskowe przeznaczone s\u0105 dla 4-6 os\u00f3b. W nich znajduje si\u0119 pok\u00f3j dzienny z aneksem kuchennym, sypialnia dla 4 os\u00f3b (\u0142\u00f3\u017cko pi\u0119trowe i \u0142\u00f3\u017cko podw\u00f3jne), \u0142azienka oraz zadaszony taras z widokiem na staw, konie i las.<\/p> <p align=\"CENTER\">Dla os\u00f3b sp\u0119dzaj\u0105cych czas w domkach i pokojach go\u015bcinnych zosta\u0142 wybudowany domek grillowy w kt\u00f3rym mo\u017cna grillowa\u0107 oraz w\u0119dzi\u0107 ryby.<\/p> <p align=\"CENTER\">Gospodarstwo posiada w\u0142asne zbiorniki wodne-stawy rybne oraz warzywa ekologiczne. Dooko\u0142a las, ogr\u00f3d w\u015br\u00f3d starych d\u0119b\u00f3w z oczkiem wodnym oraz drzewkami ozdobnymi i kwiatami zaprasza do spacer\u00f3w i na grzybobranie, gdzie mo\u017cna obcowa\u0107 ze zwierz\u0119tami le\u015bnymi i ptakami, kt\u00f3rych na co dzie\u0144 nie mo\u017cna zobaczy\u0107.<\/p>\n<img src=\"https:\/\/lesnydworek-agroturystyka.pl\/wp-content\/uploads\/2023\/06\/DSC06493-1024x631-400x600.jpg\" width=\"400\" height=\"600\" title=\"DSC06493\" alt=\"DSC06493\">\n<p style=\"text-align: center;\">Dar\u0142owo to ma\u0142e portowe miasteczko. <br>Klimat okolic Dar\u0142owa jest korzystny dla os\u00f3b z chorobami oddechowymi, powietrze jest nasycone jodem. Atrakcj\u0105 s\u0105 rejsy w morze szczeg\u00f3lnie statkami na wysp\u0119 Bornholm oraz nowoczesny Park Wodny w Dar\u0142\u00f3wku. Preferowany aktywny wypoczynek, spacery, w\u0119dkarstwo, zwiedzanie okolic zapewni Pa\u0144stwu dobre samopoczucie i wspania\u0142y relaks.<\/p>\n<img src=\"https:\/\/lesnydworek-agroturystyka.pl\/wp-content\/uploads\/2023\/06\/poland-890313_1920-1024x577-400x600.jpg\" width=\"400\" height=\"600\" title=\"poland-890313_1920\" alt=\"poland-890313_1920\">\n<h2>Galeria<br\/><\/h2>\n<h3>Domki<br\/><\/h3>\n<p style=\"text-align: center;\">Domek 1<\/p>\n[gallery ids=\"1352,1347,1349,1350\"]\n<p style=\"text-align: center;\">Domek 2<\/p>\n[gallery ids=\"805,806,807,808\"]\n<p style=\"text-align: center;\">Domek 3<\/p>\n[gallery ids=\"809,810,811,812\"]\n<h3 style=\"text-align: center;\">Pokoje<\/h3>\n<p style=\"text-align: center;\">Pok\u00f3j niebieski<\/p>\n[gallery ids=\"1226,381,819,820\"]\n<p style=\"text-align: center;\">[dimage url=\"https:\/\/lesnydworek-agroturystyka.pl\/wp-content\/uploads\/2023\/06\/lesny17x-scaled.jpg\" control=true\u00a0 zoom_level=\"0\" anim_speed=\"1\"]<\/p>\n<p style=\"text-align: center;\">Pok\u00f3j bia\u0142y<\/p>\n[gallery ids=\"1307,1308,1309,1310\"]\n<p style=\"text-align: center;\">[dimage url=\"https:\/\/lesnydworek-agroturystyka.pl\/wp-content\/uploads\/2023\/06\/lesny9x-scaled.jpg\" control=true\u00a0 zoom_level=\"0\" anim_speed=\"1\"]<\/p>\n<p style=\"text-align: center;\">Pok\u00f3j pomara\u0144czowy<\/p>\n[gallery ids=\"1298,1299,1300,1324\"]\n<p>[dimage url=\"https:\/\/lesnydworek-agroturystyka.pl\/wp-content\/uploads\/2023\/06\/lesny12tel-scaled.jpg\" control=true\u00a0 zoom_level=\"0\" anim_speed=\"1\"]<\/p>\n<p style=\"text-align: center;\">Poddasze<\/p>\n[gallery ids=\"824,825,1294,1295\"]\n<p style=\"text-align: center;\">[dimage url=\"https:\/\/lesnydworek-agroturystyka.pl\/wp-content\/uploads\/2023\/06\/lesny35x-scaled.jpg\" control=true\u00a0 zoom_level=\"0\" anim_speed=\"1\"]<\/p>\n<p style=\"text-align: center;\">Aneks kuchenny<\/p>\n[gallery ids=\"1290,1291,1321,1327\"]\n<p style=\"text-align: center;\">[dimage url=\"https:\/\/lesnydworek-agroturystyka.pl\/wp-content\/uploads\/2023\/06\/lesny15x-scaled.jpg\" control=true\u00a0 zoom_level=\"0\" anim_speed=\"1\"]<\/p>\n<p style=\"text-align: center;\">Salon<\/p>\n[gallery ids=\"1287,1314,1315,1316\"]\n<p style=\"text-align: center;\">[dimage url=\"https:\/\/lesnydworek-agroturystyka.pl\/wp-content\/uploads\/2023\/06\/lesny1x-scaled.jpg\" control=true\u00a0 zoom_level=\"0\" anim_speed=\"1\"]<\/p>\n<p style=\"text-align: center;\">Pok\u00f3j pomara\u0144czowy<\/p>\n[gallery ids=\"814,1279,1280,1281\"]\n<p>[dimage url=\"https:\/\/lesnydworek-agroturystyka.pl\/wp-content\/uploads\/2023\/06\/lesny12-1-scaled-e1687860567140.jpg\" control=true\u00a0 zoom_level=\"0\" anim_speed=\"1\"]<\/p>\n<p style=\"text-align: center;\">Pok\u00f3j niebieski<\/p>\n[gallery ids=\"820,819,437,381\"]\n<p>[dimage url=\"https:\/\/lesnydworek-agroturystyka.pl\/wp-content\/uploads\/2023\/06\/17tel-scaled.jpg\" control=true\u00a0 zoom_level=\"0\" anim_speed=\"1\"]<\/p>\n<h3 style=\"text-align: center;\">Ogr\u00f3d<\/h3>\n[gallery ids=\"1269,1261,1331,1257,1334,1330,1260,1332,1262,1256,1333,1258,1259,1265,1267,1266,1252,1268,1270,1271,1264,1263,1253,1255,1254,835,836,837,838,839,840,841,842,843,844,845,846,848,849,850,851,852,853,855,856,857,858,859,860,861\"]\n<p style=\"text-align: center;\">[dimage url=\"https:\/\/lesnydworek-agroturystyka.pl\/wp-content\/uploads\/2023\/06\/30xopt-scaled.jpg\" control=true\u00a0 zoom_level=\"0\" anim_speed=\"1\"]<\/p>\n[gallery path=\"https:\/\/rodzinnaprzystan.eu\/wp-content\/uploads\/2021\/04\/DSC2917-scaled.jpg,https:\/\/rodzinnaprzystan.eu\/wp-content\/uploads\/2021\/04\/DSC2916-scaled.jpg,https:\/\/rodzinnaprzystan.eu\/wp-content\/uploads\/2021\/04\/DSC2911-scaled.jpg,https:\/\/rodzinnaprzystan.eu\/wp-content\/uploads\/2021\/04\/img-20200511-wa0004.jpg,https:\/\/rodzinnaprzystan.eu\/wp-content\/uploads\/2021\/04\/img-20200511-wa0005.jpg,https:\/\/rodzinnaprzystan.eu\/wp-content\/uploads\/2021\/03\/img-20200511-wa0012.jpg,https:\/\/rodzinnaprzystan.eu\/wp-content\/uploads\/2021\/04\/22222222222-scaled.jpg,https:\/\/rodzinnaprzystan.eu\/wp-content\/uploads\/2021\/04\/rpdomekDSC_0212-1.jpg\" columns=\"4\"]\n<h3>Dar\u0142owo i okolice<br\/><\/h3>\n[gallery ids=\"863,864,865,866,867,868,869,870,871,872,873\"]\n<h3 style=\"text-align: left;\">Cennik pokoi go\u015bcinnych:<\/h3> <p>\u2013 50-80 z\u0142 od osoby za dob\u0119<br><br><\/p>\n<h3 style=\"text-align: left;\">Cennik domk\u00f3w letniskowych:<\/h3> <p>\u2013 250-350 z\u0142 za dob\u0119 w sezonie od 1 lipca do 31 sierpnia<br><br>Przyjmowane rezerwacje \u2013 minimum 3 doby podczas sezony letniego<\/p>\n<h3 style=\"text-align: left;\">Wy\u017cywienie:<\/h3> <p>\u015aniadanie \u2013 40 z\u0142<\/p>\n<img src=\"https:\/\/lesnydworek-agroturystyka.pl\/wp-content\/uploads\/2023\/06\/logo-lesny-1024x1024-230x230.png\" width=\"230\" height=\"230\" title=\"logo lesny\" alt=\"logo lesny\" srcset=\"https:\/\/lesnydworek-agroturystyka.pl\/wp-content\/uploads\/2023\/06\/logo-lesny-1024x1024-230x230.png 230w, https:\/\/lesnydworek-agroturystyka.pl\/wp-content\/uploads\/2023\/06\/logo-lesny-300x300.png 300w, https:\/\/lesnydworek-agroturystyka.pl\/wp-content\/uploads\/2023\/06\/logo-lesny-1024x1024.png 1024w, https:\/\/lesnydworek-agroturystyka.pl\/wp-content\/uploads\/2023\/06\/logo-lesny-150x150.png 150w, https:\/\/lesnydworek-agroturystyka.pl\/wp-content\/uploads\/2023\/06\/logo-lesny-768x768.png 768w, https:\/\/lesnydworek-agroturystyka.pl\/wp-content\/uploads\/2023\/06\/logo-lesny.png 1049w, https:\/\/lesnydworek-agroturystyka.pl\/wp-content\/uploads\/2023\/06\/logo-lesny-1024x1024-450x450.png 450w\" sizes=\"(max-width: 230px) 100vw, 230px\" \/>\n\n<h2 style=\"text-align: center;\">Kontakt i mapa<\/h2> <h3 style=\"text-align: center;\">Domas\u0142awice 83 A<br>76-150 Dar\u0142owo<\/h3> <h1 style=\"text-align: center;\">\u00a0 tel. 505 180 300<\/h1> <p style=\"text-align: center;\">e-mail: lidia_sz23@wp.pl<\/p> <p><iframe style=\"border: 0;\" src=\"https:\/\/www.google.com\/maps\/embed?pb=!1m18!1m12!1m3!1d108212.1172744582!2d16.39599780073413!3d54.39053667154777!2m3!1f0!2f0!3f0!3m2!1i1024!2i768!4f13.1!3m3!1m2!1s0x46fe29bf6792eabf%3A0xf75386fee69a2020!2sLe%C5%9Bny%20Dworek%20Agroturystyka%20-%20domki%20letniskowe%2C%20pokoje%20go%C5%9Bcinne%20nad%20morzem!5e0!3m2!1spl!2spl!4v1686737154257!5m2!1spl!2spl\" width=\"800\" height=\"450\" allowfullscreen=\"allowfullscreen\"><\/iframe><\/p>\n<h2 style=\"text-align: center;\">Napisz do nas<\/h2>\n<h2 style=\"text-align: center;\">Zapraszamy<\/h2> <p><a href=\"https:\/\/lesnydworek-agroturystyka.pl\/wp-content\/uploads\/2023\/06\/logo-lesny.png\"><img src=\"https:\/\/lesnydworek-agroturystyka.pl\/wp-content\/uploads\/2023\/06\/logo-lesny-300x300.png\" alt=\"\" width=\"281\" height=\"281\"><\/a><\/p>\n<a href=\"#Witamy\" > <em><svg aria-hidden=\"true\"><use href=\"#tf-ti-angle-up\"><\/use><\/svg><\/em> Powr\u00f3t na pocz\u0105tek strony <\/a>","_links":{"self":[{"href":"https:\/\/lesnydworek-agroturystyka.pl\/index.php?rest_route=\/wp\/v2\/pages\/61","targetHints":{"allow":["GET"]}}],"collection":[{"href":"https:\/\/lesnydworek-agroturystyka.pl\/index.php?rest_route=\/wp\/v2\/pages"}],"about":[{"href":"https:\/\/lesnydworek-agroturystyka.pl\/index.php?rest_route=\/wp\/v2\/types\/page"}],"author":[{"embeddable":true,"href":"https:\/\/lesnydworek-agroturystyka.pl\/index.php?rest_route=\/wp\/v2\/users\/1"}],"replies":[{"embeddable":true,"href":"https:\/\/lesnydworek-agroturystyka.pl\/index.php?rest_route=%2Fwp%2Fv2%2Fcomments&post=61"}],"version-history":[{"count":486,"href":"https:\/\/lesnydworek-agroturystyka.pl\/index.php?rest_route=\/wp\/v2\/pages\/61\/revisions"}],"predecessor-version":[{"id":1378,"href":"https:\/\/lesnydworek-agroturystyka.pl\/index.php?rest_route=\/wp\/v2\/pages\/61\/revisions\/1378"}],"wp:attachment":[{"href":"https:\/\/lesnydworek-agroturystyka.pl\/index.php?rest_route=%2Fwp%2Fv2%2Fmedia&parent=61"}],"curies":[{"name":"wp","href":"https:\/\/api.w.org\/{rel}","templated":true}]}}